{"id":9557,"date":"2023-06-20T13:37:36","date_gmt":"2023-06-20T13:37:36","guid":{"rendered":"https:\/\/debarydentistry.com\/aetna-dental-insurance-plans\/"},"modified":"2026-04-21T11:32:26","modified_gmt":"2026-04-21T15:32:26","slug":"aetna-dental-insurance-plans","status":"publish","type":"page","link":"https:\/\/debarydentistry.com\/es\/aetna-dental-insurance-plans\/","title":{"rendered":"Planes de seguro dental de Aetna"},"content":{"rendered":"<div id=\"cs-content\" class=\"cs-content\"><div class=\"x-section e9557-e1 m7dh-0 m7dh-1 m7dh-2 m7dh-5 hero_video\" style=\"--tco-dc7dh-1:rgb(0, 113, 149);--tco-dc7dh-4:rgb(0, 113, 149);\"><div class=\"x-bg\" aria-hidden=\"true\"><div class=\"x-bg-layer-lower-color\"><\/div><div class=\"x-bg-layer-upper-color\"><\/div><\/div><div class=\"x-row x-container max width e9557-e2 m7dh-6 m7dh-7 m7dh-8 m7dh-e m7dh-f\"><div class=\"x-row-inner\"><div class=\"x-col e9557-e3 m7dh-k m7dh-l m7dh-m m7dh-n m7dh-o\"><div class=\"x-div e9557-e4 m7dh-t\"><div class=\"x-text x-content e9557-e5 m7dh-u m7dh-v m7dh-w m7dh-x m7dh-y m7dh-z\"><p class=\"p9px txt_white\">Se Habla Espa\u00f1ol<\/p><\/div><div class=\"x-text x-content e9557-e6 m7dh-u m7dh-v m7dh-w m7dh-x m7dh-y m7dh-z\"><p class=\"p9px txt_white\">Citas de urgencia disponibles<\/p><\/div><\/div><div class=\"x-text x-content e9557-e7 m7dh-u m7dh-w m7dh-z m7dh-10\"><a class=\"x-image\" href=\"\/es\/homepage\/\" style=\"outline: none;\"><img sizes=\"(max-width: 960px) 100vw, 960px\" srcset=\"https:\/\/debarydentistry.com\/wp-content\/uploads\/sites\/11\/2025\/09\/GPI-0128-001_DBD_White_960x263.png 960w, https:\/\/debarydentistry.com\/wp-content\/uploads\/sites\/11\/2025\/09\/GPI-0128-001_DBD_White_960x263-300x82.png 300w, https:\/\/debarydentistry.com\/wp-content\/uploads\/sites\/11\/2025\/09\/GPI-0128-001_DBD_White_960x263-768x210.png 768w, https:\/\/debarydentistry.com\/wp-content\/uploads\/sites\/11\/2025\/09\/GPI-0128-001_DBD_White_960x263-18x5.png 18w, https:\/\/debarydentistry.com\/wp-content\/uploads\/sites\/11\/2025\/09\/GPI-0128-001_DBD_White_960x263-100x27.png 100w\" decoding=\"async\" src=\"https:\/\/debarydentistry.com\/wp-content\/uploads\/sites\/11\/2025\/09\/GPI-0128-001_DBD_White_960x263.png\" width=\"480\" height=\"132\" alt=\"DeBary Dentistry Logo\" loading=\"lazy\"><\/a><\/div><\/div><\/div><\/div><div class=\"x-row x-container max width e9557-e8 m7dh-6 m7dh-8 m7dh-9 m7dh-e m7dh-g\"><div class=\"x-row-inner\"><div class=\"x-col e9557-e9 m7dh-k m7dh-m m7dh-n m7dh-o m7dh-p m7dh-q\"><div class=\"x-text x-content e9557-e10 m7dh-u m7dh-w m7dh-y m7dh-11 m7dh-12\"><h1 class=\"txt_white\">Aetna<sup>\u00ae<\/sup> Planes de seguro<\/h1><\/div><div class=\"x-text x-content e9557-e11 m7dh-u m7dh-w m7dh-z m7dh-10\"><p class=\"pdefault\"><a href=\"\/es\/insurances-we-accept\/#od_insuranceblock\" class=\"txt_white\">Volver a la p\u00e1gina de seguros<\/a><\/p><\/div><\/div><\/div><\/div><\/div><div class=\"x-section e9557-e12 m7dh-0 m7dh-3\" style=\"--tco-dc7dh-6:rgba(196, 190, 146, .1);--tco-dc7dh-9:rgba(196, 190, 146, .1);\"><div class=\"x-row x-container max width e9557-e13 m7dh-6 m7dh-8 m7dh-a m7dh-b m7dh-e m7dh-h\" style=\"--tco-dc7dh-c:rgb(255, 255, 255);--tco-dc7dh-f:rgb(255, 255, 255);\"><div class=\"x-row-inner\"><div class=\"x-col e9557-e14 m7dh-k m7dh-l m7dh-o m7dh-r\"><div class=\"x-text x-content e9557-e15 m7dh-u m7dh-w m7dh-z m7dh-11 m7dh-13\"><h2>DeBary Dentistry acepta los siguientes Aetna<sup>\u00ae<\/sup> Planes de seguro<\/h2><\/div><div class=\"x-text x-content e9557-e16 m7dh-u m7dh-v m7dh-w m7dh-z m7dh-14 m7dh-15\"><ul>\r\n\t<li class=\"ins_li\">Aetna HealthFund<sup>\u00ae<\/sup> con Dental\/Aetna DentalFund<sup>\u00ae<\/sup> con la red PPO II<\/li>\r\n\t<li class=\"ins_li\">Aetna<sup>\u00ae<\/sup> Dental Direct PPO\/PDN<\/li>\r\n\t<li class=\"ins_li\">Aetna<sup>\u00ae<\/sup> Plan de proveedores exclusivos (PPE) con red PPO II<\/li>\r\n\t<li class=\"ins_li\">Aetna<sup>\u00ae<\/sup> Dental PPO\/PDN con PPO II y Ampliar red<\/li>\r\n\t<li class=\"ins_li\">Aetna<sup>\u00ae<\/sup> Dental PPO\/PDN con PPO II Network Network<\/li>\r\n<\/ul><\/div><div class=\"x-text x-content e9557-e17 m7dh-u m7dh-v m7dh-w m7dh-z m7dh-14\"><p class=\"pdefault\"><b>Si no encuentra su seguro aqu\u00ed, por favor <a href=\"\/es\/contact-us\/\">Contacto<\/a> para ayudarle m\u00e1s.<\/b> <i>Tenga en cuenta que actualmente no aceptamos Medicaid ni planes HMO.<\/i><\/p><\/div><div class=\"x-text x-content e9557-e18 m7dh-u m7dh-v m7dh-w m7dh-z m7dh-14\"><p class=\"pdefault\"><a href=\"\/es\/insurances-we-accept\/#od_insuranceblock\"class=\"txt_under\">Volver a la p\u00e1gina de seguros<\/a><\/p><\/div><\/div><\/div><\/div><div class=\"x-row x-container max width e9557-e19 m7dh-6 m7dh-8 m7dh-a m7dh-c m7dh-e m7dh-i\" style=\"--tco-dc7dh-i:rgb(255, 255, 255);--tco-dc7dh-l:rgb(255, 255, 255);--tco-dc7dh-o:rgb(255, 255, 255);\"><div class=\"x-row-inner\"><div class=\"x-col e9557-e20 m7dh-o m7dh-s\"><div class=\"x-text x-content e9557-e21 m7dh-u m7dh-v m7dh-14 m7dh-16\"><p class=\"pdefault\">Aetna es un proveedor de seguros dentales bien establecido que ofrece cobertura patrocinada por la empresa para particulares y familias. La extensa red de Aetna est\u00e1 formada por una amplia gama de profesionales dentales, incluidos dentistas, ortodoncistas y cirujanos orales, lo que garantiza que los miembros tengan acceso a una atenci\u00f3n de calidad en su zona. Aetna fomenta las revisiones peri\u00f3dicas, las limpiezas y otros tratamientos preventivos para mantener una buena salud bucodental. Estos servicios preventivos suelen estar cubiertos al 100% o con un copago bajo, lo que fomenta las visitas regulares al dentista y el mantenimiento de la salud bucodental.<\/p>\n<p class=\"pdefault\">Adem\u00e1s, Aetna ofrece ventajas competitivas como funciones de ahorro de costes, programas de recompensas, opciones de planes flexibles y c\u00f3modas herramientas en l\u00ednea para gestionar los beneficios, lo que facilita a los miembros la navegaci\u00f3n y la maximizaci\u00f3n de su cobertura de seguro dental.<\/p>\n<p class=\"pdefault\">Para m\u00e1s informaci\u00f3n, <a href=\"https:\/\/www.aetna.com\/individuals-families\/dental-insurance-through-work.html\" target=\"_new\">haga clic aqu\u00ed para visitar su sitio web.<\/a><\/p><\/div><\/div><div class=\"x-col e9557-e22 m7dh-k m7dh-m m7dh-o m7dh-p\"><span class=\"x-image e9557-e23 m7dh-17\"><img decoding=\"async\" src=\"https:\/\/debarydentistry.com\/wp-content\/uploads\/sites\/11\/2023\/06\/aetna.jpg\" srcset=\"https:\/\/debarydentistry.com\/wp-content\/uploads\/sites\/11\/2023\/06\/aetna.jpg 509w, https:\/\/debarydentistry.com\/wp-content\/uploads\/sites\/11\/2023\/06\/aetna-300x58.jpg 300w, https:\/\/debarydentistry.com\/wp-content\/uploads\/sites\/11\/2023\/06\/aetna-18x4.jpg 18w, https:\/\/debarydentistry.com\/wp-content\/uploads\/sites\/11\/2023\/06\/aetna-100x19.jpg 100w\" sizes=\"(max-width: 509px) 100vw, 509px\" alt=\"A purple heart symbol followed by the word aetna in lowercase purple letters, with a registered trademark symbol next to the word.\"><\/span><\/div><\/div><\/div><\/div><div class=\"x-section e9557-e24 m7dh-0 m7dh-1 m7dh-4\"><div class=\"x-row e9557-e25 m7dh-6 m7dh-d m7dh-e m7dh-j\"><div class=\"x-row-inner\"><div class=\"x-col e9557-e26 m7dh-o\"><div class=\"cs-content x-global-block x-global-block-9671 e9671-e0\"><div class=\"x-section e9671-e2 m7gn-0\" style=\"--tco-dc7gn-1:rgb(255, 255, 255);--tco-dc7gn-4:rgb(255, 255, 255);\"><div class=\"x-row x-container max width e9671-e3 m7gn-1 m7gn-2 m7gn-3\"><div class=\"x-row-inner\"><div class=\"x-col e9671-e4 m7gn-5 m7gn-6 m7gn-7\"><div class=\"x-text x-content e9671-e5 m7gn-a m7gn-b\"><h2>Opciones de pago flexibles<\/h2>\n<h3>Para una atenci\u00f3n dental de alta calidad en DeBary<\/h3><\/div><div class=\"x-text x-content e9671-e6 m7gn-a m7gn-c\"><p class=\"pdefault\">Para su comodidad, DeBary Odontolog\u00eda acepta:<\/p>\n\n<ul>\n \t<li class=\"pdefault\">Una amplia gama de planes de seguro dental PPO -<span>\u00a0<\/span><a href=\"\/es\/insurances-we-accept\/\" target=\"_self\"><b>pulse aqu\u00ed<\/b> para ver qu\u00e9 seguros aceptamos<\/a><\/li>\n \t<li class=\"pdefault\">Plan interno de descuentos y ofertas especiales para pacientes sin seguro m\u00e9dico<\/li>\n \t<li class=\"pdefault\">Efectivo y cheque<\/li>\n \t<li class=\"pdefault\">Todas las principales tarjetas de cr\u00e9dito, incluidas MasterCard, VISA, Discover, American Express, etc.<\/li>\n<\/ul>\n<p class=\"pdefault\"><b>NO aceptamos planes HMO ni Medicaid.<\/b><\/p><\/div><\/div><div class=\"x-col e9671-e7 m7gn-5 m7gn-8 m7gn-9\"><a class=\"x-image e9671-e8 m7gn-e\" href=\"https:\/\/apply.sunbit.com\/DeBaryDentistry\" target=\"_blank\" rel=\"noopener noreferrer\"><img decoding=\"async\" src=\"https:\/\/debarydentistry.com\/wp-content\/uploads\/sites\/11\/2025\/11\/Dntl_Web_600x500-1.png\" srcset=\"https:\/\/debarydentistry.com\/wp-content\/uploads\/sites\/11\/2025\/11\/Dntl_Web_600x500-1.png 600w, https:\/\/debarydentistry.com\/wp-content\/uploads\/sites\/11\/2025\/11\/Dntl_Web_600x500-1-300x250.png 300w, https:\/\/debarydentistry.com\/wp-content\/uploads\/sites\/11\/2025\/11\/Dntl_Web_600x500-1-14x12.png 14w, https:\/\/debarydentistry.com\/wp-content\/uploads\/sites\/11\/2025\/11\/Dntl_Web_600x500-1-100x83.png 100w\" sizes=\"(max-width: 600px) 100vw, 600px\" alt=\"Smile now, Pay-over-time with sunbit\"><\/a><\/div><\/div><\/div><\/div><\/div><\/div><\/div><\/div><\/div><\/div>","protected":false},"excerpt":{"rendered":"<p>Los planes de seguro DeBary Odontolog\u00eda acepta. Llame hoy mismo al 386-668-2003 para concertar una cita con nuestros dentistas expertos y de confianza.<\/p>","protected":false},"author":1,"featured_media":0,"parent":0,"menu_order":0,"comment_status":"closed","ping_status":"closed","template":"template-blank-4.php","meta":{"footnotes":""},"class_list":["post-9557","page","type-page","status-publish","hentry","no-post-thumbnail"],"aioseo_notices":[],"aioseo_head":"\n\t\t<!-- All in One SEO Pro 4.9.6.2 - aioseo.com -->\n\t<meta name=\"description\" content=\"The insurance plans DeBary Dentistry accepts. Call 386-668-2003 today to schedule your appointment with our skilled and trusted dentists!\" \/>\n\t<meta name=\"robots\" content=\"max-image-preview:large\" \/>\n\t<link rel=\"canonical\" href=\"https:\/\/debarydentistry.com\/es\/aetna-dental-insurance-plans\/\" \/>\n\t<meta name=\"generator\" content=\"All in One SEO Pro (AIOSEO) 4.9.6.2\" \/>\n\t\t<meta property=\"og:locale\" content=\"es_ES\" \/>\n\t\t<meta property=\"og:site_name\" content=\"Debary Dentistry - Honest Dentistry From People Who Care\" \/>\n\t\t<meta property=\"og:type\" content=\"article\" \/>\n\t\t<meta property=\"og:title\" content=\"Aetna Dental Insurance Plans - Debary Dentistry - DeBary Dentist Near You\" \/>\n\t\t<meta property=\"og:description\" content=\"The insurance plans DeBary Dentistry accepts. Call 386-668-2003 today to schedule your appointment with our skilled and trusted dentists!\" \/>\n\t\t<meta property=\"og:url\" content=\"https:\/\/debarydentistry.com\/es\/aetna-dental-insurance-plans\/\" \/>\n\t\t<meta property=\"og:image\" content=\"https:\/\/debarydentistry.com\/wp-content\/uploads\/sites\/11\/2023\/11\/DBD.jpg\" \/>\n\t\t<meta property=\"og:image:secure_url\" content=\"https:\/\/debarydentistry.com\/wp-content\/uploads\/sites\/11\/2023\/11\/DBD.jpg\" \/>\n\t\t<meta property=\"og:image:width\" content=\"1200\" \/>\n\t\t<meta property=\"og:image:height\" content=\"630\" \/>\n\t\t<meta property=\"article:published_time\" content=\"2023-06-20T13:37:36+00:00\" \/>\n\t\t<meta property=\"article:modified_time\" content=\"2026-04-21T15:32:26+00:00\" \/>\n\t\t<meta name=\"twitter:card\" content=\"summary\" \/>\n\t\t<meta name=\"twitter:title\" content=\"Aetna Dental Insurance Plans - Debary Dentistry - DeBary Dentist Near You\" \/>\n\t\t<meta name=\"twitter:description\" content=\"The insurance plans DeBary Dentistry accepts. Call 386-668-2003 today to schedule your appointment with our skilled and trusted dentists!\" \/>\n\t\t<meta name=\"twitter:image\" content=\"https:\/\/debarydentistry.com\/wp-content\/uploads\/sites\/11\/2023\/11\/DBD.jpg\" \/>\n\t\t<script type=\"application\/ld+json\" class=\"aioseo-schema\">\n\t\t\t{\"@context\":\"https:\\\/\\\/schema.org\",\"@graph\":[{\"@type\":\"BreadcrumbList\",\"@id\":\"https:\\\/\\\/debarydentistry.com\\\/es\\\/aetna-dental-insurance-plans\\\/#breadcrumblist\",\"itemListElement\":[{\"@type\":\"ListItem\",\"@id\":\"https:\\\/\\\/debarydentistry.com\\\/es#listItem\",\"position\":1,\"name\":\"Home\",\"item\":\"https:\\\/\\\/debarydentistry.com\\\/es\",\"nextItem\":{\"@type\":\"ListItem\",\"@id\":\"https:\\\/\\\/debarydentistry.com\\\/es\\\/aetna-dental-insurance-plans\\\/#listItem\",\"name\":\"Aetna Dental Insurance Plans\"}},{\"@type\":\"ListItem\",\"@id\":\"https:\\\/\\\/debarydentistry.com\\\/es\\\/aetna-dental-insurance-plans\\\/#listItem\",\"position\":2,\"name\":\"Aetna Dental Insurance Plans\",\"previousItem\":{\"@type\":\"ListItem\",\"@id\":\"https:\\\/\\\/debarydentistry.com\\\/es#listItem\",\"name\":\"Home\"}}]},{\"@type\":\"Organization\",\"@id\":\"https:\\\/\\\/debarydentistry.com\\\/es\\\/#organization\",\"name\":\"Debary Dentistry\",\"description\":\"Honest Dentistry From People Who Care\",\"url\":\"https:\\\/\\\/debarydentistry.com\\\/es\\\/\",\"email\":\"info@debarydentistry.com\",\"telephone\":\"+13866682003\",\"logo\":{\"@type\":\"ImageObject\",\"url\":\"https:\\\/\\\/master.operationdental.com\\\/wp-content\\\/uploads\\\/2022\\\/01\\\/DBD-0006-001_Logo-750w.png\",\"@id\":\"https:\\\/\\\/debarydentistry.com\\\/es\\\/aetna-dental-insurance-plans\\\/#organizationLogo\"},\"image\":{\"@id\":\"https:\\\/\\\/debarydentistry.com\\\/es\\\/aetna-dental-insurance-plans\\\/#organizationLogo\"},\"address\":{\"@id\":\"https:\\\/\\\/debarydentistry.com\\\/es\\\/#postaladdress\",\"@type\":\"PostalAddress\",\"streetAddress\":\"190 N Charles Richard Beall Blvd, Suite 101,\",\"postalCode\":\"32713\",\"addressLocality\":\"DeBary\",\"addressRegion\":\"Florida\",\"addressCountry\":\"US\"}},{\"@type\":\"WebPage\",\"@id\":\"https:\\\/\\\/debarydentistry.com\\\/es\\\/aetna-dental-insurance-plans\\\/#webpage\",\"url\":\"https:\\\/\\\/debarydentistry.com\\\/es\\\/aetna-dental-insurance-plans\\\/\",\"name\":\"Aetna Dental Insurance Plans - Debary Dentistry - DeBary Dentist Near You\",\"description\":\"The insurance plans DeBary Dentistry accepts. Call 386-668-2003 today to schedule your appointment with our skilled and trusted dentists!\",\"inLanguage\":\"es-ES\",\"isPartOf\":{\"@id\":\"https:\\\/\\\/debarydentistry.com\\\/es\\\/#website\"},\"breadcrumb\":{\"@id\":\"https:\\\/\\\/debarydentistry.com\\\/es\\\/aetna-dental-insurance-plans\\\/#breadcrumblist\"},\"datePublished\":\"2023-06-20T13:37:36-04:00\",\"dateModified\":\"2026-04-21T11:32:26-04:00\"},{\"@type\":\"WebSite\",\"@id\":\"https:\\\/\\\/debarydentistry.com\\\/es\\\/#website\",\"url\":\"https:\\\/\\\/debarydentistry.com\\\/es\\\/\",\"name\":\"Debary Dentistry\",\"description\":\"Honest Dentistry From People Who Care\",\"inLanguage\":\"es-ES\",\"publisher\":{\"@id\":\"https:\\\/\\\/debarydentistry.com\\\/es\\\/#organization\"}}]}\n\t\t<\/script>\n\t\t<!-- All in One SEO Pro -->\r\n\t\t<title>Aetna Dental Insurance Plans - Debary Dentistry - DeBary Dentist Near You<\/title>\n\n","aioseo_head_json":{"title":"Planes de seguro dental de Aetna - Odontolog\u00eda en Debary - Dentista cerca de usted en DeBary","description":"Los planes de seguro DeBary Odontolog\u00eda acepta. Llame hoy mismo al 386-668-2003 para concertar una cita con nuestros dentistas expertos y de confianza.","canonical_url":"https:\/\/debarydentistry.com\/es\/aetna-dental-insurance-plans\/","robots":"max-image-preview:large","keywords":"","webmasterTools":{"miscellaneous":""},"schema":{"@context":"https:\/\/schema.org","@graph":[{"@type":"BreadcrumbList","@id":"https:\/\/debarydentistry.com\/es\/aetna-dental-insurance-plans\/#breadcrumblist","itemListElement":[{"@type":"ListItem","@id":"https:\/\/debarydentistry.com\/es#listItem","position":1,"name":"Home","item":"https:\/\/debarydentistry.com\/es","nextItem":{"@type":"ListItem","@id":"https:\/\/debarydentistry.com\/es\/aetna-dental-insurance-plans\/#listItem","name":"Aetna Dental Insurance Plans"}},{"@type":"ListItem","@id":"https:\/\/debarydentistry.com\/es\/aetna-dental-insurance-plans\/#listItem","position":2,"name":"Aetna Dental Insurance Plans","previousItem":{"@type":"ListItem","@id":"https:\/\/debarydentistry.com\/es#listItem","name":"Home"}}]},{"@type":"Organization","@id":"https:\/\/debarydentistry.com\/es\/#organization","name":"Debary Dentistry","description":"Honest Dentistry From People Who Care","url":"https:\/\/debarydentistry.com\/es\/","email":"info@debarydentistry.com","telephone":"+13866682003","logo":{"@type":"ImageObject","url":"https:\/\/master.operationdental.com\/wp-content\/uploads\/2022\/01\/DBD-0006-001_Logo-750w.png","@id":"https:\/\/debarydentistry.com\/es\/aetna-dental-insurance-plans\/#organizationLogo"},"image":{"@id":"https:\/\/debarydentistry.com\/es\/aetna-dental-insurance-plans\/#organizationLogo"},"address":{"@id":"https:\/\/debarydentistry.com\/es\/#postaladdress","@type":"PostalAddress","streetAddress":"190 N Charles Richard Beall Blvd, Suite 101,","postalCode":"32713","addressLocality":"DeBary","addressRegion":"Florida","addressCountry":"US"}},{"@type":"WebPage","@id":"https:\/\/debarydentistry.com\/es\/aetna-dental-insurance-plans\/#webpage","url":"https:\/\/debarydentistry.com\/es\/aetna-dental-insurance-plans\/","name":"Aetna Dental Insurance Plans - Debary Dentistry - DeBary Dentist Near You","description":"The insurance plans DeBary Dentistry accepts. Call 386-668-2003 today to schedule your appointment with our skilled and trusted dentists!","inLanguage":"es-ES","isPartOf":{"@id":"https:\/\/debarydentistry.com\/es\/#website"},"breadcrumb":{"@id":"https:\/\/debarydentistry.com\/es\/aetna-dental-insurance-plans\/#breadcrumblist"},"datePublished":"2023-06-20T13:37:36-04:00","dateModified":"2026-04-21T11:32:26-04:00"},{"@type":"WebSite","@id":"https:\/\/debarydentistry.com\/es\/#website","url":"https:\/\/debarydentistry.com\/es\/","name":"Debary Dentistry","description":"Honest Dentistry From People Who Care","inLanguage":"es-ES","publisher":{"@id":"https:\/\/debarydentistry.com\/es\/#organization"}}]},"og:locale":"es_ES","og:site_name":"Debary Dentistry - Honest Dentistry From People Who Care","og:type":"article","og:title":"Aetna Dental Insurance Plans - Debary Dentistry - DeBary Dentist Near You","og:description":"The insurance plans DeBary Dentistry accepts. Call 386-668-2003 today to schedule your appointment with our skilled and trusted dentists!","og:url":"https:\/\/debarydentistry.com\/es\/aetna-dental-insurance-plans\/","og:image":"https:\/\/debarydentistry.com\/wp-content\/uploads\/sites\/11\/2023\/11\/DBD.jpg","og:image:secure_url":"https:\/\/debarydentistry.com\/wp-content\/uploads\/sites\/11\/2023\/11\/DBD.jpg","og:image:width":1200,"og:image:height":630,"article:published_time":"2023-06-20T13:37:36+00:00","article:modified_time":"2026-04-21T15:32:26+00:00","twitter:card":"summary","twitter:title":"Aetna Dental Insurance Plans - Debary Dentistry - DeBary Dentist Near You","twitter:description":"The insurance plans DeBary Dentistry accepts. Call 386-668-2003 today to schedule your appointment with our skilled and trusted dentists!","twitter:image":"https:\/\/debarydentistry.com\/wp-content\/uploads\/sites\/11\/2023\/11\/DBD.jpg"},"aioseo_meta_data":{"post_id":"9557","title":null,"description":null,"keywords":null,"keyphrases":null,"primary_term":null,"canonical_url":null,"og_title":null,"og_description":null,"og_object_type":"default","og_image_type":"default","og_image_url":null,"og_image_width":null,"og_image_height":null,"og_image_custom_url":null,"og_image_custom_fields":null,"og_video":null,"og_custom_url":null,"og_article_section":null,"og_article_tags":null,"twitter_use_og":false,"twitter_card":"default","twitter_image_type":"default","twitter_image_url":null,"twitter_image_custom_url":null,"twitter_image_custom_fields":null,"twitter_title":null,"twitter_description":null,"schema":{"blockGraphs":[],"customGraphs":[],"default":{"data":{"Article":[],"Course":[],"Dataset":[],"FAQPage":[],"Movie":[],"Person":[],"Product":[],"ProductReview":[],"Car":[],"Recipe":[],"Service":[],"SoftwareApplication":[],"WebPage":[]},"graphName":"","isEnabled":true},"graphs":[]},"schema_type":"default","schema_type_options":null,"pillar_content":false,"robots_default":true,"robots_noindex":false,"robots_noarchive":false,"robots_nosnippet":false,"robots_nofollow":false,"robots_noimageindex":false,"robots_noodp":false,"robots_notranslate":false,"robots_max_snippet":null,"robots_max_videopreview":null,"robots_max_imagepreview":"large","priority":null,"frequency":null,"local_seo":null,"seo_analyzer_scan_date":"2026-04-21 15:37:04","breadcrumb_settings":null,"limit_modified_date":false,"reviewed_by":null,"open_ai":null,"ai":null,"created":"2023-10-18 17:11:57","updated":"2026-04-21 15:51:05"},"aioseo_breadcrumb":"<div class=\"aioseo-breadcrumbs\"><span class=\"aioseo-breadcrumb\">\n\t<a href=\"https:\/\/debarydentistry.com\/es\" title=\"Home\">Home<\/a>\n<\/span><span class=\"aioseo-breadcrumb-separator\">&raquo;<\/span><span class=\"aioseo-breadcrumb\">\n\tAetna Dental Insurance Plans\n<\/span><\/div>","aioseo_breadcrumb_json":[{"label":"Home","link":"https:\/\/debarydentistry.com\/es"},{"label":"Aetna Dental Insurance Plans","link":"https:\/\/debarydentistry.com\/es\/aetna-dental-insurance-plans\/"}],"_links":{"self":[{"href":"https:\/\/debarydentistry.com\/es\/wp-json\/wp\/v2\/pages\/9557","targetHints":{"allow":["GET"]}}],"collection":[{"href":"https:\/\/debarydentistry.com\/es\/wp-json\/wp\/v2\/pages"}],"about":[{"href":"https:\/\/debarydentistry.com\/es\/wp-json\/wp\/v2\/types\/page"}],"author":[{"embeddable":true,"href":"https:\/\/debarydentistry.com\/es\/wp-json\/wp\/v2\/users\/1"}],"replies":[{"embeddable":true,"href":"https:\/\/debarydentistry.com\/es\/wp-json\/wp\/v2\/comments?post=9557"}],"version-history":[{"count":0,"href":"https:\/\/debarydentistry.com\/es\/wp-json\/wp\/v2\/pages\/9557\/revisions"}],"wp:attachment":[{"href":"https:\/\/debarydentistry.com\/es\/wp-json\/wp\/v2\/media?parent=9557"}],"curies":[{"name":"wp","href":"https:\/\/api.w.org\/{rel}","templated":true}]}}