{"id":9586,"date":"2020-08-26T13:02:11","date_gmt":"2020-08-26T13:02:11","guid":{"rendered":"https:\/\/debarydentistry.com\/dental-fillings\/"},"modified":"2026-04-21T13:26:12","modified_gmt":"2026-04-21T17:26:12","slug":"dental-fillings","status":"publish","type":"page","link":"https:\/\/debarydentistry.com\/es\/dental-fillings\/","title":{"rendered":"Empastes dentales"},"content":{"rendered":"<div id=\"cs-content\" class=\"cs-content\"><div class=\"x-section e9586-e1 m7ea-0 m7ea-1 m7ea-2 m7ea-3 m7ea-8 hero_video\"><div class=\"x-bg\"><div class=\"x-bg-layer-lower-img\"><img decoding=\"async\" src=\"\/wp-content\/uploads\/2021\/08\/Fillings_Hero.jpg\" alt=\"A woman, a man, and a young boy smile and laugh together indoors. The boy, wearing a yellow shirt, hugs the mans shoulders from behind as the woman, in a blue shirt, looks at them happily.\"\/><\/div><div class=\"x-bg-layer-upper-color\" aria-hidden=\"true\"><\/div><\/div><div class=\"x-row x-container max width e9586-e2 m7ea-9 m7ea-a m7ea-b m7ea-c m7ea-d m7ea-e m7ea-f m7ea-t m7ea-u\"><div class=\"x-row-inner\"><div class=\"x-col e9586-e3 m7ea-14 m7ea-15 m7ea-16 m7ea-17 m7ea-18 m7ea-19 m7ea-1a m7ea-1b\"><div class=\"x-div e9586-e4 m7ea-1m\"><div class=\"x-text x-content e9586-e5 m7ea-1n m7ea-1o m7ea-1p m7ea-1q m7ea-1r m7ea-1s m7ea-1t m7ea-1u\"><p class=\"p9px txt_white\">Se Habla Espa\u00f1ol<\/p><\/div><div class=\"x-text x-content e9586-e6 m7ea-1n m7ea-1o m7ea-1p m7ea-1q m7ea-1r m7ea-1s m7ea-1t m7ea-1u\"><p class=\"p9px txt_white\">Citas de urgencia disponibles<\/p><\/div><\/div><div class=\"x-text x-content e9586-e7 m7ea-1n m7ea-1p m7ea-1r m7ea-1s m7ea-1u m7ea-1v\"><a class=\"x-image\" href=\"\/es\/homepage\/\" style=\"outline: none;\"><img sizes=\"(max-width: 960px) 100vw, 960px\" srcset=\"https:\/\/debarydentistry.com\/wp-content\/uploads\/sites\/11\/2025\/09\/GPI-0128-001_DBD_White_960x263.png 960w, https:\/\/debarydentistry.com\/wp-content\/uploads\/sites\/11\/2025\/09\/GPI-0128-001_DBD_White_960x263-300x82.png 300w, https:\/\/debarydentistry.com\/wp-content\/uploads\/sites\/11\/2025\/09\/GPI-0128-001_DBD_White_960x263-768x210.png 768w, https:\/\/debarydentistry.com\/wp-content\/uploads\/sites\/11\/2025\/09\/GPI-0128-001_DBD_White_960x263-18x5.png 18w, https:\/\/debarydentistry.com\/wp-content\/uploads\/sites\/11\/2025\/09\/GPI-0128-001_DBD_White_960x263-100x27.png 100w\" decoding=\"async\" src=\"https:\/\/debarydentistry.com\/wp-content\/uploads\/sites\/11\/2025\/09\/GPI-0128-001_DBD_White_960x263.png\" width=\"480\" height=\"132\" alt=\"DeBary Dentistry Logo\" loading=\"lazy\"><\/a><\/div><\/div><\/div><\/div><div class=\"x-row x-container max width e9586-e8 m7ea-9 m7ea-b m7ea-c m7ea-d m7ea-e m7ea-f m7ea-g m7ea-t m7ea-v\"><div class=\"x-row-inner\"><div class=\"x-col e9586-e9 m7ea-14 m7ea-16 m7ea-18 m7ea-19 m7ea-1a m7ea-1b m7ea-1c m7ea-1d\"><div class=\"x-text x-content e9586-e10 m7ea-1n m7ea-1p m7ea-1r m7ea-1s m7ea-1t m7ea-1w m7ea-1x\"><h1 class=\"txt_white\">Restaurar su salud oral con dientes libres de caries en DeBary<\/h1><\/div><\/div><\/div><\/div><\/div><div class=\"x-section e9586-e11 m7ea-0 m7ea-2 m7ea-4 m7ea-5\" style=\"--tco-dc7ea-1:rgba(196, 190, 146, .1);--tco-dc7ea-4:rgba(196, 190, 146, .1);\"><div class=\"x-row x-container max width e9586-e12 m7ea-9 m7ea-b m7ea-c m7ea-d m7ea-e m7ea-f m7ea-h m7ea-i m7ea-j m7ea-k m7ea-t m7ea-w od_mainRow od_background0\" style=\"--tco-dc7ea-7:rgb(255, 255, 255);--tco-dc7ea-a:rgb(255, 255, 255);--tco-dc7ea-d:rgb(255, 255, 255);\"><div class=\"x-row-inner\"><div class=\"x-col e9586-e13 m7ea-14 m7ea-15 m7ea-18 m7ea-19 m7ea-1a m7ea-1b m7ea-1e m7ea-1f m7ea-1g\"><div class=\"x-text x-content e9586-e14 m7ea-1n m7ea-1w m7ea-1y m7ea-1z m7ea-20 m7ea-21 m7ea-22\"><h2>Una caries es una cavidad en el diente causada por los \u00e1cidos de la placa, las bacterias, los alimentos y las bebidas que erosionan el esmalte dental.<\/h2><\/div><div class=\"x-text x-content e9586-e15 m7ea-1n m7ea-1o m7ea-1y m7ea-20 m7ea-21 m7ea-22 m7ea-23\"><p class=\"pdefault\"> Los \u00e1cidos corroen el esmalte causando puntos d\u00e9biles que conducen a las caries.<\/p>\n<p class=\"pdefault\">Ignorar una caries puede tener graves consecuencias para su salud dental. Una caries no tratada puede provocar una endodoncia o incluso la p\u00e9rdida del diente.<\/p><\/div><\/div><div class=\"x-col e9586-e16 m7ea-14 m7ea-16 m7ea-18 m7ea-19 m7ea-1a m7ea-1c m7ea-1h\"><div class=\"x-bg\"><div class=\"x-bg-layer-lower-img\"><img sizes=\"(max-width: 900px) 100vw, 900px\" srcset=\"https:\/\/debarydentistry.com\/wp-content\/uploads\/sites\/11\/2021\/12\/master_spl_DentFillings.jpg 900w, https:\/\/debarydentistry.com\/wp-content\/uploads\/sites\/11\/2021\/12\/master_spl_DentFillings-300x300.jpg 300w, https:\/\/debarydentistry.com\/wp-content\/uploads\/sites\/11\/2021\/12\/master_spl_DentFillings-150x150.jpg 150w, https:\/\/debarydentistry.com\/wp-content\/uploads\/sites\/11\/2021\/12\/master_spl_DentFillings-768x768.jpg 768w, https:\/\/debarydentistry.com\/wp-content\/uploads\/sites\/11\/2021\/12\/master_spl_DentFillings-12x12.jpg 12w, https:\/\/debarydentistry.com\/wp-content\/uploads\/sites\/11\/2021\/12\/master_spl_DentFillings-100x100.jpg 100w\" decoding=\"async\" src=\"\/wp-content\/uploads\/2021\/12\/master_spl_DentFillings.jpg\" alt=\"A smiling family of four, including two adults and two young children, sit closely together on a couch, laughing and enjoying each other\u201a\u00c4\u00f4s company in a bright, cozy room.\"\/><\/div><\/div><\/div><\/div><\/div><div class=\"x-row x-container max width e9586-e17 m7ea-9 m7ea-b m7ea-c m7ea-d m7ea-e m7ea-f m7ea-h m7ea-j m7ea-k m7ea-l m7ea-t m7ea-x\" style=\"--tco-dc7ea-g:rgb(0, 113, 149);--tco-dc7ea-j:rgb(0, 113, 149);\"><div class=\"x-row-inner\"><div class=\"x-col e9586-e18 m7ea-14 m7ea-16 m7ea-18 m7ea-19 m7ea-1a m7ea-1b m7ea-1c m7ea-1f\"><div class=\"x-text x-content e9586-e19 m7ea-1n m7ea-1t m7ea-1w m7ea-1y m7ea-1z m7ea-20 m7ea-21 m7ea-24\"><h3 class=\"txt_white\">Una caries no es reversible, pero podemos tratarla con un empaste dental.<\/h3><\/div><div class=\"x-text x-content e9586-e20 m7ea-1n m7ea-1o m7ea-1t m7ea-1y m7ea-20 m7ea-21 m7ea-23 m7ea-24\"><p class=\"pdefault txt_white\">Los empastes dentales ofrecen una soluci\u00f3n econ\u00f3mica y sencilla para mantener su salud bucodental.<\/p><\/div><\/div><\/div><\/div><\/div><div class=\"x-section e9586-e21 m7ea-0 m7ea-4 m7ea-6\" style=\"--tco-dc7ea-m:rgba(196, 190, 146, .1);--tco-dc7ea-p:rgba(196, 190, 146, .1);\"><div class=\"x-row x-container max width e9586-e22 m7ea-9 m7ea-c m7ea-j m7ea-m m7ea-n m7ea-y\"><div class=\"x-bg\"><div class=\"x-bg-layer-lower-img\"><img decoding=\"async\" src=\"\/wp-content\/uploads\/2022\/02\/dentalfillings_secondaryheader_dbd.jpg\" alt=\"A young girl hugs a smiling woman from behind as they sit on a couch, both looking at each other happily in a bright, cozy living room.\"\/><\/div><\/div><div class=\"x-row-inner\"><div class=\"x-col e9586-e23 m7ea-14 m7ea-15 m7ea-19 m7ea-1a m7ea-1e m7ea-1f m7ea-1i\" style=\"--tco-dc7ea-s:rgba(76, 91, 157, 0.7);--tco-dc7ea-v:rgba(76, 91, 157, 0.7);\"><div class=\"x-text x-content e9586-e24 m7ea-1n m7ea-1p m7ea-1s m7ea-1u m7ea-1w m7ea-1z m7ea-20 m7ea-25\"><h2 class=\"txt_white\">Qu\u00e9 esperar de un empaste dental<\/h2><\/div><div class=\"x-text x-content e9586-e25 m7ea-1n m7ea-1o m7ea-1s m7ea-1u m7ea-1y m7ea-20 m7ea-23\"><p class=\"pdefault txt_white\">Un empaste dental es un procedimiento sencillo y sin dolor que solemos completar en una sola visita.<\/p><\/div><\/div><div class=\"x-col x-hide-md x-hide-sm x-hide-xs e9586-e26 m7ea-19 m7ea-1a m7ea-1b m7ea-1j\" style=\"--tco-dc7ea-y:rgba(76, 91, 157, 0.7);\"><\/div><\/div><\/div><div class=\"x-row x-container max width e9586-e27 m7ea-9 m7ea-b m7ea-c m7ea-e m7ea-h m7ea-j m7ea-k m7ea-o m7ea-p m7ea-z m7ea-10\" style=\"--tco-dc7ea-11:rgb(255, 255, 255);--tco-dc7ea-14:rgb(255, 255, 255);--tco-dc7ea-17:rgb(255, 255, 255);\"><div class=\"x-row-inner\"><div class=\"x-col e9586-e28 m7ea-14 m7ea-16 m7ea-18 m7ea-19 m7ea-1b m7ea-1c m7ea-1k m7ea-1l\"><span class=\"x-image e9586-e29 m7ea-26\"><img decoding=\"async\" src=\"https:\/\/debarydentistry.com\/wp-content\/uploads\/sites\/11\/2021\/08\/Fillings3.jpg\" srcset=\"https:\/\/debarydentistry.com\/wp-content\/uploads\/sites\/11\/2021\/08\/Fillings3.jpg 1300w, https:\/\/debarydentistry.com\/wp-content\/uploads\/sites\/11\/2021\/08\/Fillings3-300x208.jpg 300w, https:\/\/debarydentistry.com\/wp-content\/uploads\/sites\/11\/2021\/08\/Fillings3-1024x709.jpg 1024w, https:\/\/debarydentistry.com\/wp-content\/uploads\/sites\/11\/2021\/08\/Fillings3-768x532.jpg 768w, https:\/\/debarydentistry.com\/wp-content\/uploads\/sites\/11\/2021\/08\/Fillings3-100x69.jpg 100w\" sizes=\"(max-width: 1300px) 100vw, 1300px\" alt=\"A woman in an orange shirt smiles while using a rowing machine at the gym; a man in a gray shirt sits beside her, watching and smiling supportively.\"><\/span><\/div><div class=\"x-col e9586-e30 m7ea-14 m7ea-18 m7ea-19 m7ea-1a m7ea-1b m7ea-1c m7ea-1e m7ea-1g\"><div class=\"x-text x-content e9586-e31 m7ea-1n m7ea-1o m7ea-1p m7ea-1s m7ea-20 m7ea-22 m7ea-23\"><p class=\"pdefault\"><b>Si tiene un diente que necesita un empaste,<\/b> nuestros dentistas retiran el material dental cariado y limpian la zona afectada. Despu\u00e9s, colocan un material de empaste en el diente tratado.<\/p><\/div><\/div><\/div><\/div><div class=\"x-row x-container max width e9586-e32 m7ea-9 m7ea-b m7ea-e m7ea-h m7ea-j m7ea-k m7ea-p m7ea-q m7ea-z m7ea-11\" style=\"--tco-dc7ea-1a:rgb(255, 255, 255);--tco-dc7ea-1d:rgb(255, 255, 255);--tco-dc7ea-1g:rgb(255, 255, 255);\"><div class=\"x-row-inner\"><div class=\"x-col e9586-e33 m7ea-14 m7ea-16 m7ea-18 m7ea-19 m7ea-1b m7ea-1c m7ea-1k m7ea-1l\"><span class=\"x-image e9586-e34 m7ea-26\"><img decoding=\"async\" src=\"https:\/\/debarydentistry.com\/wp-content\/uploads\/sites\/11\/2021\/04\/HCD_boneGraft5.jpg\" srcset=\"https:\/\/debarydentistry.com\/wp-content\/uploads\/sites\/11\/2021\/04\/HCD_boneGraft5.jpg 1100w, https:\/\/debarydentistry.com\/wp-content\/uploads\/sites\/11\/2021\/04\/HCD_boneGraft5-300x245.jpg 300w, https:\/\/debarydentistry.com\/wp-content\/uploads\/sites\/11\/2021\/04\/HCD_boneGraft5-1024x838.jpg 1024w, https:\/\/debarydentistry.com\/wp-content\/uploads\/sites\/11\/2021\/04\/HCD_boneGraft5-768x628.jpg 768w, https:\/\/debarydentistry.com\/wp-content\/uploads\/sites\/11\/2021\/04\/HCD_boneGraft5-100x82.jpg 100w\" sizes=\"(max-width: 1100px) 100vw, 1100px\" alt=\"Two men are enjoying a meal together at an outdoor restaurant, smiling and sharing food. There are plates of pizza, glasses of white wine, and orange juice on the table. Other people are partially visible in the background.\"><\/span><\/div><div class=\"x-col e9586-e35 m7ea-14 m7ea-18 m7ea-19 m7ea-1a m7ea-1b m7ea-1c m7ea-1e m7ea-1g\"><div class=\"x-text x-content e9586-e36 m7ea-1n m7ea-1o m7ea-1p m7ea-1s m7ea-20 m7ea-22 m7ea-23\"><p class=\"pdefault\"><b>El relleno sustituye la estructura da\u00f1ada<\/b> e impide que se acumulen m\u00e1s bacterias. Estas bacterias pueden provocar m\u00e1s caries. Tambi\u00e9n limpiamos la zona alrededor del empaste para evitar la propagaci\u00f3n de bacterias.<\/p><\/div><\/div><\/div><\/div><div class=\"x-row x-container max width e9586-e37 m7ea-9 m7ea-b m7ea-c m7ea-d m7ea-e m7ea-f m7ea-h m7ea-r m7ea-t m7ea-12\" style=\"--tco-dc7ea-1j:rgb(255, 255, 255);--tco-dc7ea-1m:rgb(255, 255, 255);\"><div class=\"x-row-inner\"><div class=\"x-col e9586-e38 m7ea-14 m7ea-18 m7ea-19 m7ea-1a m7ea-1b m7ea-1c m7ea-1e m7ea-1g m7ea-1l\"><div class=\"x-text x-content e9586-e39 m7ea-1n m7ea-1o m7ea-1p m7ea-1s m7ea-20 m7ea-22 m7ea-23\"><p class=\"pdefault\"><b>Cepillado adecuado, uso de hilo dental,<\/b> y las visitas regulares a nuestra consulta pueden ayudar a prevenir las caries.<\/p>\n<p class=\"pdefault\">Si usted desarrolla una caries, los dentistas en DeBary Odontolog\u00eda puede restaurar la funci\u00f3n de su diente con un relleno dental.<\/p><\/div><\/div><\/div><\/div><\/div><div class=\"x-section e9586-e40 m7ea-0 m7ea-1 m7ea-2 m7ea-7\"><div class=\"x-row e9586-e41 m7ea-9 m7ea-c m7ea-e m7ea-f m7ea-m m7ea-s m7ea-t m7ea-13\"><div class=\"x-row-inner\"><div class=\"x-col e9586-e42 m7ea-19 m7ea-1a m7ea-1b\"><div class=\"cs-content x-global-block x-global-block-9671 e9671-e0\"><div class=\"x-section e9671-e2 m7gn-0\" style=\"--tco-dc7gn-1:rgb(255, 255, 255);--tco-dc7gn-4:rgb(255, 255, 255);\"><div class=\"x-row x-container max width e9671-e3 m7gn-1 m7gn-2 m7gn-3\"><div class=\"x-row-inner\"><div class=\"x-col e9671-e4 m7gn-5 m7gn-6 m7gn-7\"><div class=\"x-text x-content e9671-e5 m7gn-a m7gn-b\"><h2>Opciones de pago flexibles<\/h2>\n<h3>Para una atenci\u00f3n dental de alta calidad en DeBary<\/h3><\/div><div class=\"x-text x-content e9671-e6 m7gn-a m7gn-c\"><p class=\"pdefault\">Para su comodidad, DeBary Odontolog\u00eda acepta:<\/p>\n\n<ul>\n \t<li class=\"pdefault\">Una amplia gama de planes de seguro dental PPO -<span>\u00a0<\/span><a href=\"\/es\/insurances-we-accept\/\" target=\"_self\"><b>pulse aqu\u00ed<\/b> para ver qu\u00e9 seguros aceptamos<\/a><\/li>\n \t<li class=\"pdefault\">Plan interno de descuentos y ofertas especiales para pacientes sin seguro m\u00e9dico<\/li>\n \t<li class=\"pdefault\">Efectivo y cheque<\/li>\n \t<li class=\"pdefault\">Todas las principales tarjetas de cr\u00e9dito, incluidas MasterCard, VISA, Discover, American Express, etc.<\/li>\n<\/ul>\n<p class=\"pdefault\"><b>NO aceptamos planes HMO ni Medicaid.<\/b><\/p><\/div><\/div><div class=\"x-col e9671-e7 m7gn-5 m7gn-8 m7gn-9\"><a class=\"x-image e9671-e8 m7gn-e\" href=\"https:\/\/apply.sunbit.com\/DeBaryDentistry\" target=\"_blank\" rel=\"noopener noreferrer\"><img decoding=\"async\" src=\"https:\/\/debarydentistry.com\/wp-content\/uploads\/sites\/11\/2025\/11\/Dntl_Web_600x500-1.png\" srcset=\"https:\/\/debarydentistry.com\/wp-content\/uploads\/sites\/11\/2025\/11\/Dntl_Web_600x500-1.png 600w, https:\/\/debarydentistry.com\/wp-content\/uploads\/sites\/11\/2025\/11\/Dntl_Web_600x500-1-300x250.png 300w, https:\/\/debarydentistry.com\/wp-content\/uploads\/sites\/11\/2025\/11\/Dntl_Web_600x500-1-14x12.png 14w, https:\/\/debarydentistry.com\/wp-content\/uploads\/sites\/11\/2025\/11\/Dntl_Web_600x500-1-100x83.png 100w\" sizes=\"(max-width: 600px) 100vw, 600px\" alt=\"Smile now, Pay-over-time with sunbit\"><\/a><\/div><\/div><\/div><\/div><\/div><\/div><\/div><\/div><\/div><\/div>","protected":false},"excerpt":{"rendered":"<p>Dentista cerca de m\u00ed con experiencia y altamente revisado para todas sus necesidades dentales en DeBary, Florida. \u00a1P\u00f3ngase en contacto con nosotros en 386-668-2003 para programar una cita hoy!<\/p>","protected":false},"author":2,"featured_media":0,"parent":0,"menu_order":0,"comment_status":"closed","ping_status":"closed","template":"template-blank-4.php","meta":{"footnotes":""},"class_list":["post-9586","page","type-page","status-publish","hentry","no-post-thumbnail"],"aioseo_notices":[],"aioseo_head":"\n\t\t<!-- All in One SEO Pro 4.9.6.2 - aioseo.com -->\n\t<meta name=\"description\" content=\"Experienced, highly-reviewed dentist near me for all your dental needs in DeBary, Florida. Contact us at 386-668-2003 to schedule an appointment today!\" \/>\n\t<meta name=\"robots\" content=\"max-image-preview:large\" \/>\n\t<link rel=\"canonical\" href=\"https:\/\/debarydentistry.com\/es\/dental-fillings\/\" \/>\n\t<meta name=\"generator\" content=\"All in One SEO Pro (AIOSEO) 4.9.6.2\" \/>\n\t\t<meta property=\"og:locale\" content=\"es_ES\" \/>\n\t\t<meta property=\"og:site_name\" content=\"Debary Dentistry - Honest Dentistry From People Who Care\" \/>\n\t\t<meta property=\"og:type\" content=\"article\" \/>\n\t\t<meta property=\"og:title\" content=\"Dental Fillings - Debary Dentistry - DeBary Dentist Near You\" \/>\n\t\t<meta property=\"og:description\" content=\"Experienced, highly-reviewed dentist near me for all your dental needs in DeBary, Florida. Contact us at 386-668-2003 to schedule an appointment today!\" \/>\n\t\t<meta property=\"og:url\" content=\"https:\/\/debarydentistry.com\/es\/dental-fillings\/\" \/>\n\t\t<meta property=\"og:image\" content=\"https:\/\/debarydentistry.com\/wp-content\/uploads\/sites\/11\/2023\/11\/DBD.jpg\" \/>\n\t\t<meta property=\"og:image:secure_url\" content=\"https:\/\/debarydentistry.com\/wp-content\/uploads\/sites\/11\/2023\/11\/DBD.jpg\" \/>\n\t\t<meta property=\"og:image:width\" content=\"1200\" \/>\n\t\t<meta property=\"og:image:height\" content=\"630\" \/>\n\t\t<meta property=\"article:published_time\" content=\"2020-08-26T13:02:11+00:00\" \/>\n\t\t<meta property=\"article:modified_time\" content=\"2026-04-21T17:26:12+00:00\" \/>\n\t\t<meta name=\"twitter:card\" content=\"summary\" \/>\n\t\t<meta name=\"twitter:title\" content=\"Dental Fillings - Debary Dentistry - DeBary Dentist Near You\" \/>\n\t\t<meta name=\"twitter:description\" content=\"Experienced, highly-reviewed dentist near me for all your dental needs in DeBary, Florida. Contact us at 386-668-2003 to schedule an appointment today!\" \/>\n\t\t<meta name=\"twitter:image\" content=\"https:\/\/debarydentistry.com\/wp-content\/uploads\/sites\/11\/2023\/11\/DBD.jpg\" \/>\n\t\t<script type=\"application\/ld+json\" class=\"aioseo-schema\">\n\t\t\t{\"@context\":\"https:\\\/\\\/schema.org\",\"@graph\":[{\"@type\":\"BreadcrumbList\",\"@id\":\"https:\\\/\\\/debarydentistry.com\\\/es\\\/dental-fillings\\\/#breadcrumblist\",\"itemListElement\":[{\"@type\":\"ListItem\",\"@id\":\"https:\\\/\\\/debarydentistry.com\\\/es#listItem\",\"position\":1,\"name\":\"Home\",\"item\":\"https:\\\/\\\/debarydentistry.com\\\/es\",\"nextItem\":{\"@type\":\"ListItem\",\"@id\":\"https:\\\/\\\/debarydentistry.com\\\/es\\\/dental-fillings\\\/#listItem\",\"name\":\"Dental Fillings\"}},{\"@type\":\"ListItem\",\"@id\":\"https:\\\/\\\/debarydentistry.com\\\/es\\\/dental-fillings\\\/#listItem\",\"position\":2,\"name\":\"Dental Fillings\",\"previousItem\":{\"@type\":\"ListItem\",\"@id\":\"https:\\\/\\\/debarydentistry.com\\\/es#listItem\",\"name\":\"Home\"}}]},{\"@type\":\"Organization\",\"@id\":\"https:\\\/\\\/debarydentistry.com\\\/es\\\/#organization\",\"name\":\"Debary Dentistry\",\"description\":\"Honest Dentistry From People Who Care\",\"url\":\"https:\\\/\\\/debarydentistry.com\\\/es\\\/\",\"email\":\"info@debarydentistry.com\",\"telephone\":\"+13866682003\",\"logo\":{\"@type\":\"ImageObject\",\"url\":\"https:\\\/\\\/master.operationdental.com\\\/wp-content\\\/uploads\\\/2022\\\/01\\\/DBD-0006-001_Logo-750w.png\",\"@id\":\"https:\\\/\\\/debarydentistry.com\\\/es\\\/dental-fillings\\\/#organizationLogo\"},\"image\":{\"@id\":\"https:\\\/\\\/debarydentistry.com\\\/es\\\/dental-fillings\\\/#organizationLogo\"},\"address\":{\"@id\":\"https:\\\/\\\/debarydentistry.com\\\/es\\\/#postaladdress\",\"@type\":\"PostalAddress\",\"streetAddress\":\"190 N Charles Richard Beall Blvd, Suite 101,\",\"postalCode\":\"32713\",\"addressLocality\":\"DeBary\",\"addressRegion\":\"Florida\",\"addressCountry\":\"US\"}},{\"@type\":\"WebPage\",\"@id\":\"https:\\\/\\\/debarydentistry.com\\\/es\\\/dental-fillings\\\/#webpage\",\"url\":\"https:\\\/\\\/debarydentistry.com\\\/es\\\/dental-fillings\\\/\",\"name\":\"Dental Fillings - Debary Dentistry - DeBary Dentist Near You\",\"description\":\"Experienced, highly-reviewed dentist near me for all your dental needs in DeBary, Florida. Contact us at 386-668-2003 to schedule an appointment today!\",\"inLanguage\":\"es-ES\",\"isPartOf\":{\"@id\":\"https:\\\/\\\/debarydentistry.com\\\/es\\\/#website\"},\"breadcrumb\":{\"@id\":\"https:\\\/\\\/debarydentistry.com\\\/es\\\/dental-fillings\\\/#breadcrumblist\"},\"datePublished\":\"2020-08-26T13:02:11-04:00\",\"dateModified\":\"2026-04-21T13:26:12-04:00\"},{\"@type\":\"WebSite\",\"@id\":\"https:\\\/\\\/debarydentistry.com\\\/es\\\/#website\",\"url\":\"https:\\\/\\\/debarydentistry.com\\\/es\\\/\",\"name\":\"Debary Dentistry\",\"description\":\"Honest Dentistry From People Who Care\",\"inLanguage\":\"es-ES\",\"publisher\":{\"@id\":\"https:\\\/\\\/debarydentistry.com\\\/es\\\/#organization\"}}]}\n\t\t<\/script>\n\t\t<!-- All in One SEO Pro -->\r\n\t\t<title>Dental Fillings - Debary Dentistry - DeBary Dentist Near You<\/title>\n\n","aioseo_head_json":{"title":"Empastes dentales - Odontolog\u00eda en Debary - Dentista cerca de usted en DeBary","description":"Dentista cerca de m\u00ed con experiencia y altamente revisado para todas sus necesidades dentales en DeBary, Florida. \u00a1P\u00f3ngase en contacto con nosotros en 386-668-2003 para programar una cita hoy!","canonical_url":"https:\/\/debarydentistry.com\/es\/dental-fillings\/","robots":"max-image-preview:large","keywords":"","webmasterTools":{"miscellaneous":""},"schema":{"@context":"https:\/\/schema.org","@graph":[{"@type":"BreadcrumbList","@id":"https:\/\/debarydentistry.com\/es\/dental-fillings\/#breadcrumblist","itemListElement":[{"@type":"ListItem","@id":"https:\/\/debarydentistry.com\/es#listItem","position":1,"name":"Home","item":"https:\/\/debarydentistry.com\/es","nextItem":{"@type":"ListItem","@id":"https:\/\/debarydentistry.com\/es\/dental-fillings\/#listItem","name":"Dental Fillings"}},{"@type":"ListItem","@id":"https:\/\/debarydentistry.com\/es\/dental-fillings\/#listItem","position":2,"name":"Dental Fillings","previousItem":{"@type":"ListItem","@id":"https:\/\/debarydentistry.com\/es#listItem","name":"Home"}}]},{"@type":"Organization","@id":"https:\/\/debarydentistry.com\/es\/#organization","name":"Debary Dentistry","description":"Honest Dentistry From People Who Care","url":"https:\/\/debarydentistry.com\/es\/","email":"info@debarydentistry.com","telephone":"+13866682003","logo":{"@type":"ImageObject","url":"https:\/\/master.operationdental.com\/wp-content\/uploads\/2022\/01\/DBD-0006-001_Logo-750w.png","@id":"https:\/\/debarydentistry.com\/es\/dental-fillings\/#organizationLogo"},"image":{"@id":"https:\/\/debarydentistry.com\/es\/dental-fillings\/#organizationLogo"},"address":{"@id":"https:\/\/debarydentistry.com\/es\/#postaladdress","@type":"PostalAddress","streetAddress":"190 N Charles Richard Beall Blvd, Suite 101,","postalCode":"32713","addressLocality":"DeBary","addressRegion":"Florida","addressCountry":"US"}},{"@type":"WebPage","@id":"https:\/\/debarydentistry.com\/es\/dental-fillings\/#webpage","url":"https:\/\/debarydentistry.com\/es\/dental-fillings\/","name":"Dental Fillings - Debary Dentistry - DeBary Dentist Near You","description":"Experienced, highly-reviewed dentist near me for all your dental needs in DeBary, Florida. Contact us at 386-668-2003 to schedule an appointment today!","inLanguage":"es-ES","isPartOf":{"@id":"https:\/\/debarydentistry.com\/es\/#website"},"breadcrumb":{"@id":"https:\/\/debarydentistry.com\/es\/dental-fillings\/#breadcrumblist"},"datePublished":"2020-08-26T13:02:11-04:00","dateModified":"2026-04-21T13:26:12-04:00"},{"@type":"WebSite","@id":"https:\/\/debarydentistry.com\/es\/#website","url":"https:\/\/debarydentistry.com\/es\/","name":"Debary Dentistry","description":"Honest Dentistry From People Who Care","inLanguage":"es-ES","publisher":{"@id":"https:\/\/debarydentistry.com\/es\/#organization"}}]},"og:locale":"es_ES","og:site_name":"Debary Dentistry - Honest Dentistry From People Who Care","og:type":"article","og:title":"Dental Fillings - Debary Dentistry - DeBary Dentist Near You","og:description":"Experienced, highly-reviewed dentist near me for all your dental needs in DeBary, Florida. Contact us at 386-668-2003 to schedule an appointment today!","og:url":"https:\/\/debarydentistry.com\/es\/dental-fillings\/","og:image":"https:\/\/debarydentistry.com\/wp-content\/uploads\/sites\/11\/2023\/11\/DBD.jpg","og:image:secure_url":"https:\/\/debarydentistry.com\/wp-content\/uploads\/sites\/11\/2023\/11\/DBD.jpg","og:image:width":1200,"og:image:height":630,"article:published_time":"2020-08-26T13:02:11+00:00","article:modified_time":"2026-04-21T17:26:12+00:00","twitter:card":"summary","twitter:title":"Dental Fillings - Debary Dentistry - DeBary Dentist Near You","twitter:description":"Experienced, highly-reviewed dentist near me for all your dental needs in DeBary, Florida. Contact us at 386-668-2003 to schedule an appointment today!","twitter:image":"https:\/\/debarydentistry.com\/wp-content\/uploads\/sites\/11\/2023\/11\/DBD.jpg"},"aioseo_meta_data":{"post_id":"9586","title":null,"description":null,"keywords":null,"keyphrases":null,"primary_term":null,"canonical_url":null,"og_title":null,"og_description":null,"og_object_type":"default","og_image_type":"default","og_image_url":null,"og_image_width":null,"og_image_height":null,"og_image_custom_url":null,"og_image_custom_fields":null,"og_video":null,"og_custom_url":null,"og_article_section":null,"og_article_tags":null,"twitter_use_og":false,"twitter_card":"default","twitter_image_type":"default","twitter_image_url":null,"twitter_image_custom_url":null,"twitter_image_custom_fields":null,"twitter_title":null,"twitter_description":null,"schema":{"blockGraphs":[],"customGraphs":[],"default":{"data":{"Article":[],"Course":[],"Dataset":[],"FAQPage":[],"Movie":[],"Person":[],"Product":[],"ProductReview":[],"Car":[],"Recipe":[],"Service":[],"SoftwareApplication":[],"WebPage":[]},"graphName":"","isEnabled":true},"graphs":[]},"schema_type":"default","schema_type_options":null,"pillar_content":false,"robots_default":true,"robots_noindex":false,"robots_noarchive":false,"robots_nosnippet":false,"robots_nofollow":false,"robots_noimageindex":false,"robots_noodp":false,"robots_notranslate":false,"robots_max_snippet":null,"robots_max_videopreview":null,"robots_max_imagepreview":"large","priority":null,"frequency":null,"local_seo":null,"seo_analyzer_scan_date":"2026-04-21 18:43:04","breadcrumb_settings":null,"limit_modified_date":false,"reviewed_by":null,"open_ai":null,"ai":null,"created":"2023-10-18 17:06:23","updated":"2026-04-21 18:43:04"},"aioseo_breadcrumb":"<div class=\"aioseo-breadcrumbs\"><span class=\"aioseo-breadcrumb\">\n\t<a href=\"https:\/\/debarydentistry.com\/es\" title=\"Home\">Home<\/a>\n<\/span><span class=\"aioseo-breadcrumb-separator\">&raquo;<\/span><span class=\"aioseo-breadcrumb\">\n\tDental Fillings\n<\/span><\/div>","aioseo_breadcrumb_json":[{"label":"Home","link":"https:\/\/debarydentistry.com\/es"},{"label":"Dental Fillings","link":"https:\/\/debarydentistry.com\/es\/dental-fillings\/"}],"_links":{"self":[{"href":"https:\/\/debarydentistry.com\/es\/wp-json\/wp\/v2\/pages\/9586","targetHints":{"allow":["GET"]}}],"collection":[{"href":"https:\/\/debarydentistry.com\/es\/wp-json\/wp\/v2\/pages"}],"about":[{"href":"https:\/\/debarydentistry.com\/es\/wp-json\/wp\/v2\/types\/page"}],"author":[{"embeddable":true,"href":"https:\/\/debarydentistry.com\/es\/wp-json\/wp\/v2\/users\/2"}],"replies":[{"embeddable":true,"href":"https:\/\/debarydentistry.com\/es\/wp-json\/wp\/v2\/comments?post=9586"}],"version-history":[{"count":0,"href":"https:\/\/debarydentistry.com\/es\/wp-json\/wp\/v2\/pages\/9586\/revisions"}],"wp:attachment":[{"href":"https:\/\/debarydentistry.com\/es\/wp-json\/wp\/v2\/media?parent=9586"}],"curies":[{"name":"wp","href":"https:\/\/api.w.org\/{rel}","templated":true}]}}