{"id":9602,"date":"2023-06-20T19:37:26","date_gmt":"2023-06-20T19:37:26","guid":{"rendered":"https:\/\/debarydentistry.com\/geha-dental-insurance-plans\/"},"modified":"2026-04-21T14:06:04","modified_gmt":"2026-04-21T18:06:04","slug":"geha-dental-insurance-plans","status":"publish","type":"page","link":"https:\/\/debarydentistry.com\/es\/geha-dental-insurance-plans\/","title":{"rendered":"Planes de seguro dental de GEHA"},"content":{"rendered":"<div id=\"cs-content\" class=\"cs-content\"><div class=\"x-section e9602-e1 m7eq-0 m7eq-1 m7eq-2 m7eq-5 hero_video\" style=\"--tco-dc7eq-1:rgb(0, 113, 149);--tco-dc7eq-4:rgb(0, 113, 149);\"><div class=\"x-bg\" aria-hidden=\"true\"><div class=\"x-bg-layer-lower-color\"><\/div><div class=\"x-bg-layer-upper-color\"><\/div><\/div><div class=\"x-row x-container max width e9602-e2 m7eq-6 m7eq-7 m7eq-8 m7eq-e m7eq-f\"><div class=\"x-row-inner\"><div class=\"x-col e9602-e3 m7eq-k m7eq-l m7eq-m m7eq-n m7eq-o\"><div class=\"x-div e9602-e4 m7eq-t\"><div class=\"x-text x-content e9602-e5 m7eq-u m7eq-v m7eq-w m7eq-x m7eq-y m7eq-z\"><p class=\"p9px txt_white\">Se Habla Espa\u00f1ol<\/p><\/div><div class=\"x-text x-content e9602-e6 m7eq-u m7eq-v m7eq-w m7eq-x m7eq-y m7eq-z\"><p class=\"p9px txt_white\">Citas de urgencia disponibles<\/p><\/div><\/div><div class=\"x-text x-content e9602-e7 m7eq-u m7eq-w m7eq-z m7eq-10\"><a class=\"x-image\" href=\"\/es\/homepage\/\" style=\"outline: none;\"><img sizes=\"(max-width: 960px) 100vw, 960px\" srcset=\"https:\/\/debarydentistry.com\/wp-content\/uploads\/sites\/11\/2025\/09\/GPI-0128-001_DBD_White_960x263.png 960w, https:\/\/debarydentistry.com\/wp-content\/uploads\/sites\/11\/2025\/09\/GPI-0128-001_DBD_White_960x263-300x82.png 300w, https:\/\/debarydentistry.com\/wp-content\/uploads\/sites\/11\/2025\/09\/GPI-0128-001_DBD_White_960x263-768x210.png 768w, https:\/\/debarydentistry.com\/wp-content\/uploads\/sites\/11\/2025\/09\/GPI-0128-001_DBD_White_960x263-18x5.png 18w, https:\/\/debarydentistry.com\/wp-content\/uploads\/sites\/11\/2025\/09\/GPI-0128-001_DBD_White_960x263-100x27.png 100w\" decoding=\"async\" src=\"https:\/\/debarydentistry.com\/wp-content\/uploads\/sites\/11\/2025\/09\/GPI-0128-001_DBD_White_960x263.png\" width=\"480\" height=\"132\" alt=\"DeBary Dentistry Logo\" loading=\"lazy\"><\/a><\/div><\/div><\/div><\/div><div class=\"x-row x-container max width e9602-e8 m7eq-6 m7eq-8 m7eq-9 m7eq-e m7eq-g\"><div class=\"x-row-inner\"><div class=\"x-col e9602-e9 m7eq-k m7eq-m m7eq-n m7eq-o m7eq-p m7eq-q\"><div class=\"x-text x-content e9602-e10 m7eq-u m7eq-w m7eq-y m7eq-11 m7eq-12\"><h1 class=\"txt_white\">GEHA<sup>\u00ae<\/sup> Planes de seguro<\/h1><\/div><div class=\"x-text x-content e9602-e11 m7eq-u m7eq-w m7eq-z m7eq-10\"><p class=\"pdefault\"><a href=\"\/es\/insurances-we-accept\/#od_insuranceblock\" class=\"txt_white\">Volver a la p\u00e1gina de seguros<\/a><\/p><\/div><\/div><\/div><\/div><\/div><div class=\"x-section e9602-e12 m7eq-0 m7eq-3\" style=\"--tco-dc7eq-6:rgba(196, 190, 146, .1);--tco-dc7eq-9:rgba(196, 190, 146, .1);\"><div class=\"x-row x-container max width e9602-e13 m7eq-6 m7eq-8 m7eq-a m7eq-b m7eq-e m7eq-h\" style=\"--tco-dc7eq-c:rgb(255, 255, 255);--tco-dc7eq-f:rgb(255, 255, 255);\"><div class=\"x-row-inner\"><div class=\"x-col e9602-e14 m7eq-k m7eq-l m7eq-o m7eq-r\"><div class=\"x-text x-content e9602-e15 m7eq-u m7eq-w m7eq-z m7eq-11 m7eq-13\"><h2>DeBary Dentistry acepta los siguientes GEHA<sup>\u00ae<\/sup> Planes de seguro<\/h2><\/div><div class=\"x-text x-content e9602-e16 m7eq-u m7eq-v m7eq-w m7eq-z m7eq-14 m7eq-15\"><ul>\r\n\t<li class=\"ins_li\">FEDVIP Opci\u00f3n Est\u00e1ndar<\/li>\r\n\t<li class=\"ins_li\">FEDVIP Opci\u00f3n Alta<\/li>\r\n\t<li class=\"ins_li\">CONEXI\u00d3N Dental Plus<\/li>\r\n<\/ul><\/div><div class=\"x-text x-content e9602-e17 m7eq-u m7eq-v m7eq-w m7eq-z m7eq-14\"><p class=\"pdefault\"><b>Si no encuentra su seguro aqu\u00ed, por favor <a href=\"\/es\/contact-us\/\">Contacto<\/a> para ayudarle m\u00e1s.<\/b> <i>Tenga en cuenta que actualmente no aceptamos Medicaid ni planes HMO.<\/i><\/p><\/div><div class=\"x-text x-content e9602-e18 m7eq-u m7eq-v m7eq-w m7eq-z m7eq-14\"><p class=\"pdefault\"><a href=\"\/es\/insurances-we-accept\/#od_insuranceblock\" class=\"txt_under\">Volver a la p\u00e1gina de seguros<\/a><\/p><\/div><\/div><\/div><\/div><div class=\"x-row x-container max width e9602-e19 m7eq-6 m7eq-8 m7eq-a m7eq-c m7eq-e m7eq-i\" style=\"--tco-dc7eq-i:rgb(255, 255, 255);--tco-dc7eq-l:rgb(255, 255, 255);--tco-dc7eq-o:rgb(255, 255, 255);\"><div class=\"x-row-inner\"><div class=\"x-col e9602-e20 m7eq-o m7eq-s\"><div class=\"x-text x-content e9602-e21 m7eq-u m7eq-v m7eq-14 m7eq-16\"><p class=\"pdefault\">GEHA<sup>\u00ae<\/sup> cubren una amplia gama de servicios odontol\u00f3gicos, incluidos procedimientos preventivos, b\u00e1sicos y principales, y ofrecen una amplia cobertura sin periodos de espera. GEHA<sup>\u00ae<\/sup> hace hincapi\u00e9 en la atenci\u00f3n preventiva proporcionando cobertura para revisiones rutinarias, limpiezas y radiograf\u00edas, lo que ayuda a prevenir problemas dentales. GEHA<sup>\u00ae<\/sup> ofrece primas competitivas, lo que hace que el seguro dental sea asequible para particulares y familias. En funci\u00f3n de las caracter\u00edsticas espec\u00edficas de GEHA<sup>\u00ae<\/sup> dental, puede tener acceso a prestaciones adicionales, como cobertura de ortodoncia para ni\u00f1os o adultos, cobertura de procedimientos de odontolog\u00eda cosm\u00e9tica y cobertura de implantes dentales. Estas prestaciones adicionales pueden ser valiosas si necesita tratamientos dentales especializados.<\/p>\n<p class=\"pdefault\">Para m\u00e1s informaci\u00f3n, <a href=\"https:\/\/www.geha.com\/\" target=\"_new\">haga clic aqu\u00ed para visitar su sitio web.<\/a><\/p><\/div><\/div><div class=\"x-col e9602-e22 m7eq-k m7eq-m m7eq-o m7eq-p\"><span class=\"x-image e9602-e23 m7eq-17\"><img decoding=\"async\" src=\"https:\/\/debarydentistry.com\/wp-content\/uploads\/sites\/11\/2023\/06\/geha.png\" srcset=\"https:\/\/debarydentistry.com\/wp-content\/uploads\/sites\/11\/2023\/06\/geha.png 550w, https:\/\/debarydentistry.com\/wp-content\/uploads\/sites\/11\/2023\/06\/geha-300x74.png 300w, https:\/\/debarydentistry.com\/wp-content\/uploads\/sites\/11\/2023\/06\/geha-100x25.png 100w\" sizes=\"(max-width: 550px) 100vw, 550px\" alt=\"The image displays the GEHA logo in bold, uppercase purple letters on a white background.\"><\/span><\/div><\/div><\/div><\/div><div class=\"x-section e9602-e24 m7eq-0 m7eq-1 m7eq-4\"><div class=\"x-row e9602-e25 m7eq-6 m7eq-d m7eq-e m7eq-j\"><div class=\"x-row-inner\"><div class=\"x-col e9602-e26 m7eq-o\"><div class=\"cs-content x-global-block x-global-block-9671 e9671-e0\"><div class=\"x-section e9671-e2 m7gn-0\" style=\"--tco-dc7gn-1:rgb(255, 255, 255);--tco-dc7gn-4:rgb(255, 255, 255);\"><div class=\"x-row x-container max width e9671-e3 m7gn-1 m7gn-2 m7gn-3\"><div class=\"x-row-inner\"><div class=\"x-col e9671-e4 m7gn-5 m7gn-6 m7gn-7\"><div class=\"x-text x-content e9671-e5 m7gn-a m7gn-b\"><h2>Opciones de pago flexibles<\/h2>\n<h3>Para una atenci\u00f3n dental de alta calidad en DeBary<\/h3><\/div><div class=\"x-text x-content e9671-e6 m7gn-a m7gn-c\"><p class=\"pdefault\">Para su comodidad, DeBary Odontolog\u00eda acepta:<\/p>\n\n<ul>\n \t<li class=\"pdefault\">Una amplia gama de planes de seguro dental PPO -<span>\u00a0<\/span><a href=\"\/es\/insurances-we-accept\/\" target=\"_self\"><b>pulse aqu\u00ed<\/b> para ver qu\u00e9 seguros aceptamos<\/a><\/li>\n \t<li class=\"pdefault\">Plan interno de descuentos y ofertas especiales para pacientes sin seguro m\u00e9dico<\/li>\n \t<li class=\"pdefault\">Efectivo y cheque<\/li>\n \t<li class=\"pdefault\">Todas las principales tarjetas de cr\u00e9dito, incluidas MasterCard, VISA, Discover, American Express, etc.<\/li>\n<\/ul>\n<p class=\"pdefault\"><b>NO aceptamos planes HMO ni Medicaid.<\/b><\/p><\/div><\/div><div class=\"x-col e9671-e7 m7gn-5 m7gn-8 m7gn-9\"><a class=\"x-image e9671-e8 m7gn-e\" href=\"https:\/\/apply.sunbit.com\/DeBaryDentistry\" target=\"_blank\" rel=\"noopener noreferrer\"><img decoding=\"async\" src=\"https:\/\/debarydentistry.com\/wp-content\/uploads\/sites\/11\/2025\/11\/Dntl_Web_600x500-1.png\" srcset=\"https:\/\/debarydentistry.com\/wp-content\/uploads\/sites\/11\/2025\/11\/Dntl_Web_600x500-1.png 600w, https:\/\/debarydentistry.com\/wp-content\/uploads\/sites\/11\/2025\/11\/Dntl_Web_600x500-1-300x250.png 300w, https:\/\/debarydentistry.com\/wp-content\/uploads\/sites\/11\/2025\/11\/Dntl_Web_600x500-1-14x12.png 14w, https:\/\/debarydentistry.com\/wp-content\/uploads\/sites\/11\/2025\/11\/Dntl_Web_600x500-1-100x83.png 100w\" sizes=\"(max-width: 600px) 100vw, 600px\" alt=\"Smile now, Pay-over-time with sunbit\"><\/a><\/div><\/div><\/div><\/div><\/div><\/div><\/div><\/div><\/div><\/div>","protected":false},"excerpt":{"rendered":"<p>Los planes de seguro DeBary Odontolog\u00eda acepta. Llame hoy mismo al 386-668-2003 para concertar una cita con nuestros dentistas expertos y de confianza.<\/p>","protected":false},"author":1,"featured_media":0,"parent":0,"menu_order":0,"comment_status":"closed","ping_status":"closed","template":"template-blank-4.php","meta":{"footnotes":""},"class_list":["post-9602","page","type-page","status-publish","hentry","no-post-thumbnail"],"aioseo_notices":[],"aioseo_head":"\n\t\t<!-- All in One SEO Pro 4.9.6.2 - aioseo.com -->\n\t<meta name=\"description\" content=\"The insurance plans DeBary Dentistry accepts. Call 386-668-2003 today to schedule your appointment with our skilled and trusted dentists!\" \/>\n\t<meta name=\"robots\" content=\"max-image-preview:large\" \/>\n\t<link rel=\"canonical\" href=\"https:\/\/debarydentistry.com\/es\/geha-dental-insurance-plans\/\" \/>\n\t<meta name=\"generator\" content=\"All in One SEO Pro (AIOSEO) 4.9.6.2\" \/>\n\t\t<meta property=\"og:locale\" content=\"es_ES\" \/>\n\t\t<meta property=\"og:site_name\" content=\"Debary Dentistry - Honest Dentistry From People Who Care\" \/>\n\t\t<meta property=\"og:type\" content=\"article\" \/>\n\t\t<meta property=\"og:title\" content=\"GEHA Dental Insurance Plans - Debary Dentistry - DeBary Dentist Near You\" \/>\n\t\t<meta property=\"og:description\" content=\"The insurance plans DeBary Dentistry accepts. Call 386-668-2003 today to schedule your appointment with our skilled and trusted dentists!\" \/>\n\t\t<meta property=\"og:url\" content=\"https:\/\/debarydentistry.com\/es\/geha-dental-insurance-plans\/\" \/>\n\t\t<meta property=\"og:image\" content=\"https:\/\/debarydentistry.com\/wp-content\/uploads\/sites\/11\/2023\/11\/DBD.jpg\" \/>\n\t\t<meta property=\"og:image:secure_url\" content=\"https:\/\/debarydentistry.com\/wp-content\/uploads\/sites\/11\/2023\/11\/DBD.jpg\" \/>\n\t\t<meta property=\"og:image:width\" content=\"1200\" \/>\n\t\t<meta property=\"og:image:height\" content=\"630\" \/>\n\t\t<meta property=\"article:published_time\" content=\"2023-06-20T19:37:26+00:00\" \/>\n\t\t<meta property=\"article:modified_time\" content=\"2026-04-21T18:06:04+00:00\" \/>\n\t\t<meta name=\"twitter:card\" content=\"summary\" \/>\n\t\t<meta name=\"twitter:title\" content=\"GEHA Dental Insurance Plans - Debary Dentistry - DeBary Dentist Near You\" \/>\n\t\t<meta name=\"twitter:description\" content=\"The insurance plans DeBary Dentistry accepts. Call 386-668-2003 today to schedule your appointment with our skilled and trusted dentists!\" \/>\n\t\t<meta name=\"twitter:image\" content=\"https:\/\/debarydentistry.com\/wp-content\/uploads\/sites\/11\/2023\/11\/DBD.jpg\" \/>\n\t\t<script type=\"application\/ld+json\" class=\"aioseo-schema\">\n\t\t\t{\"@context\":\"https:\\\/\\\/schema.org\",\"@graph\":[{\"@type\":\"BreadcrumbList\",\"@id\":\"https:\\\/\\\/debarydentistry.com\\\/es\\\/geha-dental-insurance-plans\\\/#breadcrumblist\",\"itemListElement\":[{\"@type\":\"ListItem\",\"@id\":\"https:\\\/\\\/debarydentistry.com\\\/es#listItem\",\"position\":1,\"name\":\"Home\",\"item\":\"https:\\\/\\\/debarydentistry.com\\\/es\",\"nextItem\":{\"@type\":\"ListItem\",\"@id\":\"https:\\\/\\\/debarydentistry.com\\\/es\\\/geha-dental-insurance-plans\\\/#listItem\",\"name\":\"GEHA Dental Insurance Plans\"}},{\"@type\":\"ListItem\",\"@id\":\"https:\\\/\\\/debarydentistry.com\\\/es\\\/geha-dental-insurance-plans\\\/#listItem\",\"position\":2,\"name\":\"GEHA Dental Insurance Plans\",\"previousItem\":{\"@type\":\"ListItem\",\"@id\":\"https:\\\/\\\/debarydentistry.com\\\/es#listItem\",\"name\":\"Home\"}}]},{\"@type\":\"Organization\",\"@id\":\"https:\\\/\\\/debarydentistry.com\\\/es\\\/#organization\",\"name\":\"Debary Dentistry\",\"description\":\"Honest Dentistry From People Who Care\",\"url\":\"https:\\\/\\\/debarydentistry.com\\\/es\\\/\",\"email\":\"info@debarydentistry.com\",\"telephone\":\"+13866682003\",\"logo\":{\"@type\":\"ImageObject\",\"url\":\"https:\\\/\\\/master.operationdental.com\\\/wp-content\\\/uploads\\\/2022\\\/01\\\/DBD-0006-001_Logo-750w.png\",\"@id\":\"https:\\\/\\\/debarydentistry.com\\\/es\\\/geha-dental-insurance-plans\\\/#organizationLogo\"},\"image\":{\"@id\":\"https:\\\/\\\/debarydentistry.com\\\/es\\\/geha-dental-insurance-plans\\\/#organizationLogo\"},\"address\":{\"@id\":\"https:\\\/\\\/debarydentistry.com\\\/es\\\/#postaladdress\",\"@type\":\"PostalAddress\",\"streetAddress\":\"190 N Charles Richard Beall Blvd, Suite 101,\",\"postalCode\":\"32713\",\"addressLocality\":\"DeBary\",\"addressRegion\":\"Florida\",\"addressCountry\":\"US\"}},{\"@type\":\"WebPage\",\"@id\":\"https:\\\/\\\/debarydentistry.com\\\/es\\\/geha-dental-insurance-plans\\\/#webpage\",\"url\":\"https:\\\/\\\/debarydentistry.com\\\/es\\\/geha-dental-insurance-plans\\\/\",\"name\":\"GEHA Dental Insurance Plans - Debary Dentistry - DeBary Dentist Near You\",\"description\":\"The insurance plans DeBary Dentistry accepts. Call 386-668-2003 today to schedule your appointment with our skilled and trusted dentists!\",\"inLanguage\":\"es-ES\",\"isPartOf\":{\"@id\":\"https:\\\/\\\/debarydentistry.com\\\/es\\\/#website\"},\"breadcrumb\":{\"@id\":\"https:\\\/\\\/debarydentistry.com\\\/es\\\/geha-dental-insurance-plans\\\/#breadcrumblist\"},\"datePublished\":\"2023-06-20T19:37:26-04:00\",\"dateModified\":\"2026-04-21T14:06:04-04:00\"},{\"@type\":\"WebSite\",\"@id\":\"https:\\\/\\\/debarydentistry.com\\\/es\\\/#website\",\"url\":\"https:\\\/\\\/debarydentistry.com\\\/es\\\/\",\"name\":\"Debary Dentistry\",\"description\":\"Honest Dentistry From People Who Care\",\"inLanguage\":\"es-ES\",\"publisher\":{\"@id\":\"https:\\\/\\\/debarydentistry.com\\\/es\\\/#organization\"}}]}\n\t\t<\/script>\n\t\t<!-- All in One SEO Pro -->\r\n\t\t<title>GEHA Dental Insurance Plans - Debary Dentistry - DeBary Dentist Near You<\/title>\n\n","aioseo_head_json":{"title":"GEHA Planes de Seguro Dental - Odontolog\u00eda Debary - Dentista DeBary Cerca de Usted","description":"Los planes de seguro DeBary Odontolog\u00eda acepta. Llame hoy mismo al 386-668-2003 para concertar una cita con nuestros dentistas expertos y de confianza.","canonical_url":"https:\/\/debarydentistry.com\/es\/geha-dental-insurance-plans\/","robots":"max-image-preview:large","keywords":"","webmasterTools":{"miscellaneous":""},"schema":{"@context":"https:\/\/schema.org","@graph":[{"@type":"BreadcrumbList","@id":"https:\/\/debarydentistry.com\/es\/geha-dental-insurance-plans\/#breadcrumblist","itemListElement":[{"@type":"ListItem","@id":"https:\/\/debarydentistry.com\/es#listItem","position":1,"name":"Home","item":"https:\/\/debarydentistry.com\/es","nextItem":{"@type":"ListItem","@id":"https:\/\/debarydentistry.com\/es\/geha-dental-insurance-plans\/#listItem","name":"GEHA Dental Insurance Plans"}},{"@type":"ListItem","@id":"https:\/\/debarydentistry.com\/es\/geha-dental-insurance-plans\/#listItem","position":2,"name":"GEHA Dental Insurance Plans","previousItem":{"@type":"ListItem","@id":"https:\/\/debarydentistry.com\/es#listItem","name":"Home"}}]},{"@type":"Organization","@id":"https:\/\/debarydentistry.com\/es\/#organization","name":"Debary Dentistry","description":"Honest Dentistry From People Who Care","url":"https:\/\/debarydentistry.com\/es\/","email":"info@debarydentistry.com","telephone":"+13866682003","logo":{"@type":"ImageObject","url":"https:\/\/master.operationdental.com\/wp-content\/uploads\/2022\/01\/DBD-0006-001_Logo-750w.png","@id":"https:\/\/debarydentistry.com\/es\/geha-dental-insurance-plans\/#organizationLogo"},"image":{"@id":"https:\/\/debarydentistry.com\/es\/geha-dental-insurance-plans\/#organizationLogo"},"address":{"@id":"https:\/\/debarydentistry.com\/es\/#postaladdress","@type":"PostalAddress","streetAddress":"190 N Charles Richard Beall Blvd, Suite 101,","postalCode":"32713","addressLocality":"DeBary","addressRegion":"Florida","addressCountry":"US"}},{"@type":"WebPage","@id":"https:\/\/debarydentistry.com\/es\/geha-dental-insurance-plans\/#webpage","url":"https:\/\/debarydentistry.com\/es\/geha-dental-insurance-plans\/","name":"GEHA Dental Insurance Plans - Debary Dentistry - DeBary Dentist Near You","description":"The insurance plans DeBary Dentistry accepts. Call 386-668-2003 today to schedule your appointment with our skilled and trusted dentists!","inLanguage":"es-ES","isPartOf":{"@id":"https:\/\/debarydentistry.com\/es\/#website"},"breadcrumb":{"@id":"https:\/\/debarydentistry.com\/es\/geha-dental-insurance-plans\/#breadcrumblist"},"datePublished":"2023-06-20T19:37:26-04:00","dateModified":"2026-04-21T14:06:04-04:00"},{"@type":"WebSite","@id":"https:\/\/debarydentistry.com\/es\/#website","url":"https:\/\/debarydentistry.com\/es\/","name":"Debary Dentistry","description":"Honest Dentistry From People Who Care","inLanguage":"es-ES","publisher":{"@id":"https:\/\/debarydentistry.com\/es\/#organization"}}]},"og:locale":"es_ES","og:site_name":"Debary Dentistry - Honest Dentistry From People Who Care","og:type":"article","og:title":"GEHA Dental Insurance Plans - Debary Dentistry - DeBary Dentist Near You","og:description":"The insurance plans DeBary Dentistry accepts. Call 386-668-2003 today to schedule your appointment with our skilled and trusted dentists!","og:url":"https:\/\/debarydentistry.com\/es\/geha-dental-insurance-plans\/","og:image":"https:\/\/debarydentistry.com\/wp-content\/uploads\/sites\/11\/2023\/11\/DBD.jpg","og:image:secure_url":"https:\/\/debarydentistry.com\/wp-content\/uploads\/sites\/11\/2023\/11\/DBD.jpg","og:image:width":1200,"og:image:height":630,"article:published_time":"2023-06-20T19:37:26+00:00","article:modified_time":"2026-04-21T18:06:04+00:00","twitter:card":"summary","twitter:title":"GEHA Dental Insurance Plans - Debary Dentistry - DeBary Dentist Near You","twitter:description":"The insurance plans DeBary Dentistry accepts. Call 386-668-2003 today to schedule your appointment with our skilled and trusted dentists!","twitter:image":"https:\/\/debarydentistry.com\/wp-content\/uploads\/sites\/11\/2023\/11\/DBD.jpg"},"aioseo_meta_data":{"post_id":"9602","title":null,"description":null,"keywords":null,"keyphrases":null,"primary_term":null,"canonical_url":null,"og_title":null,"og_description":null,"og_object_type":"default","og_image_type":"default","og_image_url":null,"og_image_width":null,"og_image_height":null,"og_image_custom_url":null,"og_image_custom_fields":null,"og_video":null,"og_custom_url":null,"og_article_section":null,"og_article_tags":null,"twitter_use_og":false,"twitter_card":"default","twitter_image_type":"default","twitter_image_url":null,"twitter_image_custom_url":null,"twitter_image_custom_fields":null,"twitter_title":null,"twitter_description":null,"schema":{"blockGraphs":[],"customGraphs":[],"default":{"data":{"Article":[],"Course":[],"Dataset":[],"FAQPage":[],"Movie":[],"Person":[],"Product":[],"ProductReview":[],"Car":[],"Recipe":[],"Service":[],"SoftwareApplication":[],"WebPage":[]},"graphName":"","isEnabled":true},"graphs":[]},"schema_type":"default","schema_type_options":null,"pillar_content":false,"robots_default":true,"robots_noindex":false,"robots_noarchive":false,"robots_nosnippet":false,"robots_nofollow":false,"robots_noimageindex":false,"robots_noodp":false,"robots_notranslate":false,"robots_max_snippet":null,"robots_max_videopreview":null,"robots_max_imagepreview":"large","priority":null,"frequency":null,"local_seo":null,"seo_analyzer_scan_date":"2026-04-21 18:40:57","breadcrumb_settings":null,"limit_modified_date":false,"reviewed_by":null,"open_ai":null,"ai":null,"created":"2023-10-18 17:13:29","updated":"2026-04-21 18:41:33"},"aioseo_breadcrumb":"<div class=\"aioseo-breadcrumbs\"><span class=\"aioseo-breadcrumb\">\n\t<a href=\"https:\/\/debarydentistry.com\/es\" title=\"Home\">Home<\/a>\n<\/span><span class=\"aioseo-breadcrumb-separator\">&raquo;<\/span><span class=\"aioseo-breadcrumb\">\n\tGEHA Dental Insurance Plans\n<\/span><\/div>","aioseo_breadcrumb_json":[{"label":"Home","link":"https:\/\/debarydentistry.com\/es"},{"label":"GEHA Dental Insurance Plans","link":"https:\/\/debarydentistry.com\/es\/geha-dental-insurance-plans\/"}],"_links":{"self":[{"href":"https:\/\/debarydentistry.com\/es\/wp-json\/wp\/v2\/pages\/9602","targetHints":{"allow":["GET"]}}],"collection":[{"href":"https:\/\/debarydentistry.com\/es\/wp-json\/wp\/v2\/pages"}],"about":[{"href":"https:\/\/debarydentistry.com\/es\/wp-json\/wp\/v2\/types\/page"}],"author":[{"embeddable":true,"href":"https:\/\/debarydentistry.com\/es\/wp-json\/wp\/v2\/users\/1"}],"replies":[{"embeddable":true,"href":"https:\/\/debarydentistry.com\/es\/wp-json\/wp\/v2\/comments?post=9602"}],"version-history":[{"count":0,"href":"https:\/\/debarydentistry.com\/es\/wp-json\/wp\/v2\/pages\/9602\/revisions"}],"wp:attachment":[{"href":"https:\/\/debarydentistry.com\/es\/wp-json\/wp\/v2\/media?parent=9602"}],"curies":[{"name":"wp","href":"https:\/\/api.w.org\/{rel}","templated":true}]}}